{"id":9,"date":"2023-09-15T18:02:28","date_gmt":"2023-09-15T16:02:28","guid":{"rendered":"https:\/\/elektrogutachten.com\/?page_id=9"},"modified":"2023-10-16T19:28:08","modified_gmt":"2023-10-16T17:28:08","slug":"dienstleistungen","status":"publish","type":"page","link":"https:\/\/elektrogutachten.com\/index.php\/dienstleistungen\/","title":{"rendered":"Dienstleistungen"},"content":{"rendered":"\n<div class=\"wp-block-columns are-vertically-aligned-center is-layout-flex wp-container-core-columns-is-layout-9d6595d7 wp-block-columns-is-layout-flex\">\n<div class=\"wp-block-column is-vertically-aligned-center is-layout-flow wp-block-column-is-layout-flow\" style=\"flex-basis:30%\">\n<figure class=\"wp-block-image size-large\"><img loading=\"lazy\" decoding=\"async\" width=\"1024\" height=\"526\" src=\"https:\/\/elektrogutachten.com\/wp-content\/uploads\/2023\/10\/Notebook-2-1024x526.webp\" alt=\"\" class=\"wp-image-85\" srcset=\"https:\/\/elektrogutachten.com\/wp-content\/uploads\/2023\/10\/Notebook-2-1024x526.webp 1024w, https:\/\/elektrogutachten.com\/wp-content\/uploads\/2023\/10\/Notebook-2-300x154.webp 300w, https:\/\/elektrogutachten.com\/wp-content\/uploads\/2023\/10\/Notebook-2-768x394.webp 768w, https:\/\/elektrogutachten.com\/wp-content\/uploads\/2023\/10\/Notebook-2-1536x789.webp 1536w, https:\/\/elektrogutachten.com\/wp-content\/uploads\/2023\/10\/Notebook-2-2048x1052.webp 2048w, https:\/\/elektrogutachten.com\/wp-content\/uploads\/2023\/10\/Notebook-2-400x205.webp 400w\" sizes=\"auto, (max-width: 1024px) 100vw, 1024px\" \/><\/figure>\n<\/div>\n\n\n\n<div class=\"wp-block-column is-vertically-aligned-center is-layout-flow wp-block-column-is-layout-flow\">\n<h3 class=\"wp-block-heading\">Neuwertermittlung<\/h3>\n\n\n\n<p>Bei der Ermittlung wird von uns Ersatz \u201enach gleicher Art und G\u00fcte\u201c bzw. eine n\u00e4chstm\u00f6gliche Alternative recherchiert. Technische Innovationen und k\u00fcrzere Produktzyklen sind Ursache f\u00fcr kontinuierlichen Preisverfall, daher sind aktuelle Ger\u00e4tealternativen in Relation zum ehemaligen Anschaffungspreis heute meist deutlich preiswerter auf dem Markt verf\u00fcgbar.<\/p>\n<\/div>\n<\/div>\n\n\n\n<hr class=\"wp-block-separator has-text-color has-alpha-channel-opacity has-background is-style-wide\" style=\"background-color:#f1f1f1;color:#f1f1f1\"\/>\n\n\n\n<div class=\"wp-block-columns are-vertically-aligned-center is-layout-flex wp-container-core-columns-is-layout-9d6595d7 wp-block-columns-is-layout-flex\">\n<div class=\"wp-block-column is-vertically-aligned-center is-layout-flow wp-block-column-is-layout-flow\" style=\"flex-basis:30%\">\n<figure class=\"wp-block-image size-large\"><img loading=\"lazy\" decoding=\"async\" width=\"1024\" height=\"667\" src=\"https:\/\/elektrogutachten.com\/wp-content\/uploads\/2023\/10\/Kamera-1-1024x667.webp\" alt=\"\" class=\"wp-image-86\" srcset=\"https:\/\/elektrogutachten.com\/wp-content\/uploads\/2023\/10\/Kamera-1-1024x667.webp 1024w, https:\/\/elektrogutachten.com\/wp-content\/uploads\/2023\/10\/Kamera-1-300x195.webp 300w, https:\/\/elektrogutachten.com\/wp-content\/uploads\/2023\/10\/Kamera-1-768x500.webp 768w, https:\/\/elektrogutachten.com\/wp-content\/uploads\/2023\/10\/Kamera-1-1536x1001.webp 1536w, https:\/\/elektrogutachten.com\/wp-content\/uploads\/2023\/10\/Kamera-1-2048x1334.webp 2048w, https:\/\/elektrogutachten.com\/wp-content\/uploads\/2023\/10\/Kamera-1-400x261.webp 400w\" sizes=\"auto, (max-width: 1024px) 100vw, 1024px\" \/><\/figure>\n<\/div>\n\n\n\n<div class=\"wp-block-column is-vertically-aligned-center is-layout-flow wp-block-column-is-layout-flow\">\n<h3 class=\"wp-block-heading\">Zeitwertermittlung<\/h3>\n\n\n\n<p>Der Zeitwert ist der Neuwert einer Sache abz\u00fcglich eines Geldbetrages f\u00fcr Alter, Gebrauch und Abnutzung und ber\u00fccksichtigt daneben auch technische Weiterentwicklungen und k\u00fcrzere Produktzyklen. Elektronische Ger\u00e4te verlieren (auch innerhalb kurzer Zeit) oft erheblich an Wert, da Ger\u00e4te der Folgegenerationen eine verbesserte Ausstattung zu einem oft niedrigeren Anschaffungspreis bieten. Der von uns ermittelte Zeitwert ergibt sich aus aktueller Marktrecherche und ber\u00fccksichtigt den Schadenzeitpunkt.<\/p>\n<\/div>\n<\/div>\n\n\n\n<hr class=\"wp-block-separator has-text-color has-alpha-channel-opacity has-background is-style-wide\" style=\"background-color:#f1f1f1;color:#f1f1f1\"\/>\n\n\n\n<div class=\"wp-block-columns are-vertically-aligned-center is-layout-flex wp-container-core-columns-is-layout-9d6595d7 wp-block-columns-is-layout-flex\">\n<div class=\"wp-block-column is-vertically-aligned-center is-layout-flow wp-block-column-is-layout-flow\" style=\"flex-basis:30%\"><div class=\"wp-block-image\">\n<figure class=\"aligncenter size-full is-resized\"><img loading=\"lazy\" decoding=\"async\" width=\"900\" height=\"900\" src=\"https:\/\/elektrogutachten.com\/wp-content\/uploads\/2023\/10\/Fragezeichen.webp\" alt=\"\" class=\"wp-image-89\" style=\"width:200px\" srcset=\"https:\/\/elektrogutachten.com\/wp-content\/uploads\/2023\/10\/Fragezeichen.webp 900w, https:\/\/elektrogutachten.com\/wp-content\/uploads\/2023\/10\/Fragezeichen-300x300.webp 300w, https:\/\/elektrogutachten.com\/wp-content\/uploads\/2023\/10\/Fragezeichen-150x150.webp 150w, https:\/\/elektrogutachten.com\/wp-content\/uploads\/2023\/10\/Fragezeichen-768x768.webp 768w, https:\/\/elektrogutachten.com\/wp-content\/uploads\/2023\/10\/Fragezeichen-400x400.webp 400w\" sizes=\"auto, (max-width: 900px) 100vw, 900px\" \/><\/figure>\n<\/div><\/div>\n\n\n\n<div class=\"wp-block-column is-vertically-aligned-center is-layout-flow wp-block-column-is-layout-flow\">\n<h3 class=\"wp-block-heading\">Plausibilit\u00e4tspr\u00fcfung<\/h3>\n\n\n\n<p>Bei der Plausibilit\u00e4tspr\u00fcfung wird das Schadenbild mit der Schadenhergangsschilderung daraufhin abgeglichen, ob das Ereignis nachvollziehbar ist.<\/p>\n<\/div>\n<\/div>\n\n\n\n<hr class=\"wp-block-separator has-text-color has-alpha-channel-opacity has-background is-style-wide\" style=\"background-color:#f1f1f1;color:#f1f1f1\"\/>\n\n\n\n<div class=\"wp-block-columns are-vertically-aligned-center is-layout-flex wp-container-core-columns-is-layout-9d6595d7 wp-block-columns-is-layout-flex\">\n<div class=\"wp-block-column is-vertically-aligned-center is-layout-flow wp-block-column-is-layout-flow\" style=\"flex-basis:30%\">\n<figure class=\"wp-block-image size-large\"><img loading=\"lazy\" decoding=\"async\" width=\"1024\" height=\"768\" src=\"https:\/\/elektrogutachten.com\/wp-content\/uploads\/2023\/10\/Smartphone_JPG-1024x768.webp\" alt=\"\" class=\"wp-image-88\" srcset=\"https:\/\/elektrogutachten.com\/wp-content\/uploads\/2023\/10\/Smartphone_JPG-1024x768.webp 1024w, https:\/\/elektrogutachten.com\/wp-content\/uploads\/2023\/10\/Smartphone_JPG-300x225.webp 300w, https:\/\/elektrogutachten.com\/wp-content\/uploads\/2023\/10\/Smartphone_JPG-768x576.webp 768w, https:\/\/elektrogutachten.com\/wp-content\/uploads\/2023\/10\/Smartphone_JPG-1536x1152.webp 1536w, https:\/\/elektrogutachten.com\/wp-content\/uploads\/2023\/10\/Smartphone_JPG-400x300.webp 400w, https:\/\/elektrogutachten.com\/wp-content\/uploads\/2023\/10\/Smartphone_JPG.webp 1800w\" sizes=\"auto, (max-width: 1024px) 100vw, 1024px\" \/><\/figure>\n<\/div>\n\n\n\n<div class=\"wp-block-column is-vertically-aligned-center is-layout-flow wp-block-column-is-layout-flow\">\n<h3 class=\"wp-block-heading\">Restwertbestimmung<\/h3>\n\n\n\n<p>Auch ein defektes Ger\u00e4t oder Komponenten hiervon sowie Zubeh\u00f6rteile ist\/ sind weiterhin verwend-\/ verwertbar. Daher besteht ein Restwert (auf dem Gebrauchtmarkt erzielbarer Preis), der in Abzug gebracht werden kann.<\/p>\n<\/div>\n<\/div>\n\n\n\n<hr class=\"wp-block-separator has-text-color has-alpha-channel-opacity has-background is-style-wide\" style=\"background-color:#f1f1f1;color:#f1f1f1\"\/>\n\n\n\n<div class=\"wp-block-columns are-vertically-aligned-center is-layout-flex wp-container-core-columns-is-layout-9d6595d7 wp-block-columns-is-layout-flex\">\n<div class=\"wp-block-column is-vertically-aligned-center is-layout-flow wp-block-column-is-layout-flow\" style=\"flex-basis:30%\"><div class=\"wp-block-image\">\n<figure class=\"aligncenter size-large is-resized\"><img loading=\"lazy\" decoding=\"async\" width=\"1024\" height=\"973\" src=\"https:\/\/elektrogutachten.com\/wp-content\/uploads\/2023\/10\/Hammer-1024x973.webp\" alt=\"\" class=\"wp-image-87\" style=\"width:200px\" srcset=\"https:\/\/elektrogutachten.com\/wp-content\/uploads\/2023\/10\/Hammer-1024x973.webp 1024w, https:\/\/elektrogutachten.com\/wp-content\/uploads\/2023\/10\/Hammer-300x285.webp 300w, https:\/\/elektrogutachten.com\/wp-content\/uploads\/2023\/10\/Hammer-768x730.webp 768w, https:\/\/elektrogutachten.com\/wp-content\/uploads\/2023\/10\/Hammer-400x380.webp 400w, https:\/\/elektrogutachten.com\/wp-content\/uploads\/2023\/10\/Hammer.webp 1200w\" sizes=\"auto, (max-width: 1024px) 100vw, 1024px\" \/><\/figure>\n<\/div><\/div>\n\n\n\n<div class=\"wp-block-column is-vertically-aligned-center is-layout-flow wp-block-column-is-layout-flow\">\n<h3 class=\"wp-block-heading\">Pr\u00fcfung auf Reparaturf\u00e4higkeit<\/h3>\n\n\n\n<p>Sturz\u2013 oder Bruchsch\u00e4den (z.B. Displaybruch, Geh\u00e4usebesch\u00e4digung) z.B. bei einem Smartphone, einer Digitalkamera oder einem Notebook sind h\u00e4ufig vorkommende Schadenf\u00e4lle. Bei einem entsprechenden Zeit- oder Neuwert ist eine qualifizierte Instandsetzung mit Garantie auf die durchgef\u00fchrte Reparatur meistens kein Problem. Diese koordinieren wir gerne in Abstimmung mit dem Anspruchsteller und der Versicherung.<\/p>\n<\/div>\n<\/div>\n","protected":false},"excerpt":{"rendered":"<p>Neuwertermittlung Bei der Ermittlung wird von uns Ersatz \u201enach gleicher Art und G\u00fcte\u201c bzw. eine n\u00e4chstm\u00f6gliche Alternative recherchiert. Technische Innovationen und k\u00fcrzere Produktzyklen sind Ursache f\u00fcr kontinuierlichen Preisverfall, daher sind aktuelle Ger\u00e4tealternativen in Relation zum ehemaligen Anschaffungspreis heute meist deutlich preiswerter auf dem Markt verf\u00fcgbar. Zeitwertermittlung Der Zeitwert ist der Neuwert einer Sache abz\u00fcglich eines [&hellip;]<\/p>\n","protected":false},"author":1,"featured_media":0,"parent":0,"menu_order":0,"comment_status":"closed","ping_status":"closed","template":"","meta":{"_acf_changed":false,"footnotes":""},"class_list":["post-9","page","type-page","status-publish","hentry"],"acf":[],"yoast_head":"<!-- This site is optimized with the Yoast SEO plugin v23.5 - https:\/\/yoast.com\/wordpress\/plugins\/seo\/ -->\n<title>Dienstleistungen - Elektrogutachten<\/title>\n<meta name=\"robots\" content=\"index, follow, max-snippet:-1, max-image-preview:large, max-video-preview:-1\" \/>\n<link rel=\"canonical\" href=\"https:\/\/elektrogutachten.com\/index.php\/dienstleistungen\/\" \/>\n<meta property=\"og:locale\" content=\"de_DE\" \/>\n<meta property=\"og:type\" content=\"article\" \/>\n<meta property=\"og:title\" content=\"Dienstleistungen - Elektrogutachten\" \/>\n<meta property=\"og:description\" content=\"Neuwertermittlung Bei der Ermittlung wird von uns Ersatz \u201enach gleicher Art und G\u00fcte\u201c bzw. eine n\u00e4chstm\u00f6gliche Alternative recherchiert. Technische Innovationen und k\u00fcrzere Produktzyklen sind Ursache f\u00fcr kontinuierlichen Preisverfall, daher sind aktuelle Ger\u00e4tealternativen in Relation zum ehemaligen Anschaffungspreis heute meist deutlich preiswerter auf dem Markt verf\u00fcgbar. Zeitwertermittlung Der Zeitwert ist der Neuwert einer Sache abz\u00fcglich eines [&hellip;]\" \/>\n<meta property=\"og:url\" content=\"https:\/\/elektrogutachten.com\/index.php\/dienstleistungen\/\" \/>\n<meta property=\"og:site_name\" content=\"Elektrogutachten\" \/>\n<meta property=\"article:modified_time\" content=\"2023-10-16T17:28:08+00:00\" \/>\n<meta property=\"og:image\" content=\"https:\/\/elektrogutachten.com\/wp-content\/uploads\/2023\/10\/Notebook-2-1024x526.webp\" \/>\n<meta name=\"twitter:card\" content=\"summary_large_image\" \/>\n<meta name=\"twitter:label1\" content=\"Gesch\u00e4tzte Lesezeit\" \/>\n\t<meta name=\"twitter:data1\" content=\"1\u00a0Minute\" \/>\n<script type=\"application\/ld+json\" class=\"yoast-schema-graph\">{\"@context\":\"https:\/\/schema.org\",\"@graph\":[{\"@type\":\"WebPage\",\"@id\":\"https:\/\/elektrogutachten.com\/index.php\/dienstleistungen\/\",\"url\":\"https:\/\/elektrogutachten.com\/index.php\/dienstleistungen\/\",\"name\":\"Dienstleistungen - Elektrogutachten\",\"isPartOf\":{\"@id\":\"https:\/\/elektrogutachten.com\/#website\"},\"primaryImageOfPage\":{\"@id\":\"https:\/\/elektrogutachten.com\/index.php\/dienstleistungen\/#primaryimage\"},\"image\":{\"@id\":\"https:\/\/elektrogutachten.com\/index.php\/dienstleistungen\/#primaryimage\"},\"thumbnailUrl\":\"https:\/\/elektrogutachten.com\/wp-content\/uploads\/2023\/10\/Notebook-2-1024x526.webp\",\"datePublished\":\"2023-09-15T16:02:28+00:00\",\"dateModified\":\"2023-10-16T17:28:08+00:00\",\"breadcrumb\":{\"@id\":\"https:\/\/elektrogutachten.com\/index.php\/dienstleistungen\/#breadcrumb\"},\"inLanguage\":\"de\",\"potentialAction\":[{\"@type\":\"ReadAction\",\"target\":[\"https:\/\/elektrogutachten.com\/index.php\/dienstleistungen\/\"]}]},{\"@type\":\"ImageObject\",\"inLanguage\":\"de\",\"@id\":\"https:\/\/elektrogutachten.com\/index.php\/dienstleistungen\/#primaryimage\",\"url\":\"https:\/\/elektrogutachten.com\/wp-content\/uploads\/2023\/10\/Notebook-2-scaled.webp\",\"contentUrl\":\"https:\/\/elektrogutachten.com\/wp-content\/uploads\/2023\/10\/Notebook-2-scaled.webp\",\"width\":2560,\"height\":1315},{\"@type\":\"BreadcrumbList\",\"@id\":\"https:\/\/elektrogutachten.com\/index.php\/dienstleistungen\/#breadcrumb\",\"itemListElement\":[{\"@type\":\"ListItem\",\"position\":1,\"name\":\"Startseite\",\"item\":\"https:\/\/elektrogutachten.com\/\"},{\"@type\":\"ListItem\",\"position\":2,\"name\":\"Dienstleistungen\"}]},{\"@type\":\"WebSite\",\"@id\":\"https:\/\/elektrogutachten.com\/#website\",\"url\":\"https:\/\/elektrogutachten.com\/\",\"name\":\"Elektrogutachten\",\"description\":\"Sachverst\u00e4ndigenb\u00fcro f\u00fcr Elektrotechnik\",\"publisher\":{\"@id\":\"https:\/\/elektrogutachten.com\/#organization\"},\"potentialAction\":[{\"@type\":\"SearchAction\",\"target\":{\"@type\":\"EntryPoint\",\"urlTemplate\":\"https:\/\/elektrogutachten.com\/?s={search_term_string}\"},\"query-input\":{\"@type\":\"PropertyValueSpecification\",\"valueRequired\":true,\"valueName\":\"search_term_string\"}}],\"inLanguage\":\"de\"},{\"@type\":\"Organization\",\"@id\":\"https:\/\/elektrogutachten.com\/#organization\",\"name\":\"Elektrogutachten\",\"url\":\"https:\/\/elektrogutachten.com\/\",\"logo\":{\"@type\":\"ImageObject\",\"inLanguage\":\"de\",\"@id\":\"https:\/\/elektrogutachten.com\/#\/schema\/logo\/image\/\",\"url\":\"https:\/\/elektrogutachten.com\/wp-content\/uploads\/2023\/09\/cropped-favicon.png\",\"contentUrl\":\"https:\/\/elektrogutachten.com\/wp-content\/uploads\/2023\/09\/cropped-favicon.png\",\"width\":512,\"height\":512,\"caption\":\"Elektrogutachten\"},\"image\":{\"@id\":\"https:\/\/elektrogutachten.com\/#\/schema\/logo\/image\/\"}}]}<\/script>\n<!-- \/ Yoast SEO plugin. -->","yoast_head_json":{"title":"Dienstleistungen - Elektrogutachten","robots":{"index":"index","follow":"follow","max-snippet":"max-snippet:-1","max-image-preview":"max-image-preview:large","max-video-preview":"max-video-preview:-1"},"canonical":"https:\/\/elektrogutachten.com\/index.php\/dienstleistungen\/","og_locale":"de_DE","og_type":"article","og_title":"Dienstleistungen - Elektrogutachten","og_description":"Neuwertermittlung Bei der Ermittlung wird von uns Ersatz \u201enach gleicher Art und G\u00fcte\u201c bzw. eine n\u00e4chstm\u00f6gliche Alternative recherchiert. Technische Innovationen und k\u00fcrzere Produktzyklen sind Ursache f\u00fcr kontinuierlichen Preisverfall, daher sind aktuelle Ger\u00e4tealternativen in Relation zum ehemaligen Anschaffungspreis heute meist deutlich preiswerter auf dem Markt verf\u00fcgbar. Zeitwertermittlung Der Zeitwert ist der Neuwert einer Sache abz\u00fcglich eines [&hellip;]","og_url":"https:\/\/elektrogutachten.com\/index.php\/dienstleistungen\/","og_site_name":"Elektrogutachten","article_modified_time":"2023-10-16T17:28:08+00:00","og_image":[{"url":"https:\/\/elektrogutachten.com\/wp-content\/uploads\/2023\/10\/Notebook-2-1024x526.webp"}],"twitter_card":"summary_large_image","twitter_misc":{"Gesch\u00e4tzte Lesezeit":"1\u00a0Minute"},"schema":{"@context":"https:\/\/schema.org","@graph":[{"@type":"WebPage","@id":"https:\/\/elektrogutachten.com\/index.php\/dienstleistungen\/","url":"https:\/\/elektrogutachten.com\/index.php\/dienstleistungen\/","name":"Dienstleistungen - Elektrogutachten","isPartOf":{"@id":"https:\/\/elektrogutachten.com\/#website"},"primaryImageOfPage":{"@id":"https:\/\/elektrogutachten.com\/index.php\/dienstleistungen\/#primaryimage"},"image":{"@id":"https:\/\/elektrogutachten.com\/index.php\/dienstleistungen\/#primaryimage"},"thumbnailUrl":"https:\/\/elektrogutachten.com\/wp-content\/uploads\/2023\/10\/Notebook-2-1024x526.webp","datePublished":"2023-09-15T16:02:28+00:00","dateModified":"2023-10-16T17:28:08+00:00","breadcrumb":{"@id":"https:\/\/elektrogutachten.com\/index.php\/dienstleistungen\/#breadcrumb"},"inLanguage":"de","potentialAction":[{"@type":"ReadAction","target":["https:\/\/elektrogutachten.com\/index.php\/dienstleistungen\/"]}]},{"@type":"ImageObject","inLanguage":"de","@id":"https:\/\/elektrogutachten.com\/index.php\/dienstleistungen\/#primaryimage","url":"https:\/\/elektrogutachten.com\/wp-content\/uploads\/2023\/10\/Notebook-2-scaled.webp","contentUrl":"https:\/\/elektrogutachten.com\/wp-content\/uploads\/2023\/10\/Notebook-2-scaled.webp","width":2560,"height":1315},{"@type":"BreadcrumbList","@id":"https:\/\/elektrogutachten.com\/index.php\/dienstleistungen\/#breadcrumb","itemListElement":[{"@type":"ListItem","position":1,"name":"Startseite","item":"https:\/\/elektrogutachten.com\/"},{"@type":"ListItem","position":2,"name":"Dienstleistungen"}]},{"@type":"WebSite","@id":"https:\/\/elektrogutachten.com\/#website","url":"https:\/\/elektrogutachten.com\/","name":"Elektrogutachten","description":"Sachverst\u00e4ndigenb\u00fcro f\u00fcr Elektrotechnik","publisher":{"@id":"https:\/\/elektrogutachten.com\/#organization"},"potentialAction":[{"@type":"SearchAction","target":{"@type":"EntryPoint","urlTemplate":"https:\/\/elektrogutachten.com\/?s={search_term_string}"},"query-input":{"@type":"PropertyValueSpecification","valueRequired":true,"valueName":"search_term_string"}}],"inLanguage":"de"},{"@type":"Organization","@id":"https:\/\/elektrogutachten.com\/#organization","name":"Elektrogutachten","url":"https:\/\/elektrogutachten.com\/","logo":{"@type":"ImageObject","inLanguage":"de","@id":"https:\/\/elektrogutachten.com\/#\/schema\/logo\/image\/","url":"https:\/\/elektrogutachten.com\/wp-content\/uploads\/2023\/09\/cropped-favicon.png","contentUrl":"https:\/\/elektrogutachten.com\/wp-content\/uploads\/2023\/09\/cropped-favicon.png","width":512,"height":512,"caption":"Elektrogutachten"},"image":{"@id":"https:\/\/elektrogutachten.com\/#\/schema\/logo\/image\/"}}]}},"_links":{"self":[{"href":"https:\/\/elektrogutachten.com\/index.php\/wp-json\/wp\/v2\/pages\/9","targetHints":{"allow":["GET"]}}],"collection":[{"href":"https:\/\/elektrogutachten.com\/index.php\/wp-json\/wp\/v2\/pages"}],"about":[{"href":"https:\/\/elektrogutachten.com\/index.php\/wp-json\/wp\/v2\/types\/page"}],"author":[{"embeddable":true,"href":"https:\/\/elektrogutachten.com\/index.php\/wp-json\/wp\/v2\/users\/1"}],"replies":[{"embeddable":true,"href":"https:\/\/elektrogutachten.com\/index.php\/wp-json\/wp\/v2\/comments?post=9"}],"version-history":[{"count":9,"href":"https:\/\/elektrogutachten.com\/index.php\/wp-json\/wp\/v2\/pages\/9\/revisions"}],"predecessor-version":[{"id":96,"href":"https:\/\/elektrogutachten.com\/index.php\/wp-json\/wp\/v2\/pages\/9\/revisions\/96"}],"wp:attachment":[{"href":"https:\/\/elektrogutachten.com\/index.php\/wp-json\/wp\/v2\/media?parent=9"}],"curies":[{"name":"wp","href":"https:\/\/api.w.org\/{rel}","templated":true}]}}