{"id":6,"date":"2023-09-15T18:02:01","date_gmt":"2023-09-15T16:02:01","guid":{"rendered":"https:\/\/elektrogutachten.com\/?page_id=6"},"modified":"2023-12-18T15:11:51","modified_gmt":"2023-12-18T14:11:51","slug":"home","status":"publish","type":"page","link":"https:\/\/elektrogutachten.com\/","title":{"rendered":"Home"},"content":{"rendered":"\n<div class=\"wp-block-columns is-layout-flex wp-container-core-columns-is-layout-9d6595d7 wp-block-columns-is-layout-flex\">\n<div class=\"wp-block-column is-layout-flow wp-block-column-is-layout-flow\">\n<p>Durch j\u00e4hrlich durchgef\u00fchrte Reviews mit unseren gr\u00f6\u00dferen Kunden (Versicherern) wird uns immer wieder eine zeitnahe, fach- und sach-<br>lich korrekte sowie qualitativ hochwertige Arbeit best\u00e4tigt. <\/p>\n\n\n\n<p>Versicherungssachbearbeiter werden durch unser Konzept deutlich entlastet, Gesch\u00e4digte profitieren von der z\u00fcgigen und korrekten Abwicklung und garantieren den Unternehmen im Regulierungsfall <br>ein positives Image.<\/p>\n\n\n\n<p>Die Schadenger\u00e4te werden f\u00fcr Sie auf Zustand, Schadenausma\u00df, Funktionsumfang und Plausibilit\u00e4t gepr\u00fcft. Anschlie\u00dfend wird ein<br>Neu- oder Zeitwert sowie ein Restwert festgelegt und die Reparaturf\u00e4higkeit ermittelt.<\/p>\n<\/div>\n\n\n\n<div class=\"wp-block-column is-layout-flow wp-block-column-is-layout-flow\">\n<p>Durch unser Konzept arbeiten wir sowohl ger\u00e4tebasiert<br>(Gutachten nach Ger\u00e4tevorlage, z.B. Handys, Digitalkameras, Notebooks, Heizungssteuerungen etc.), wie auch nach Aktenlage (Schadenfallbearbeitung nach Aktenvorlage per Mail).<\/p>\n\n\n\n<p>Bei der Ger\u00e4tepr\u00fcfung in unserem B\u00fcro bieten wir die \u201eUnfreie Paketannahme\u201c an, d.h. der Anspruchsteller kann das Paket ohne Portokosten f\u00fcr ihn beim Postamt abgeben. Wir \u00fcbernehmen vorab diese Kosten f\u00fcr den Versicherer.<\/p>\n\n\n\n<p>Gerne nehmen wir f\u00fcr Sie auch Vor-Ort-Termine wahr.<\/p>\n<\/div>\n<\/div>\n\n\n\n<div style=\"height:40px\" aria-hidden=\"true\" class=\"wp-block-spacer\"><\/div>\n\n\n<div class=\"wp-block-image\">\n<figure class=\"aligncenter size-large\"><img loading=\"lazy\" decoding=\"async\" width=\"1024\" height=\"87\" src=\"https:\/\/elektrogutachten.com\/wp-content\/uploads\/2023\/10\/shadoww-1024x87.png\" alt=\"\" class=\"wp-image-112\" srcset=\"https:\/\/elektrogutachten.com\/wp-content\/uploads\/2023\/10\/shadoww-1024x87.png 1024w, https:\/\/elektrogutachten.com\/wp-content\/uploads\/2023\/10\/shadoww-300x25.png 300w, https:\/\/elektrogutachten.com\/wp-content\/uploads\/2023\/10\/shadoww-768x65.png 768w, https:\/\/elektrogutachten.com\/wp-content\/uploads\/2023\/10\/shadoww-400x34.png 400w, https:\/\/elektrogutachten.com\/wp-content\/uploads\/2023\/10\/shadoww.png 1180w\" sizes=\"auto, (max-width: 1024px) 100vw, 1024px\" \/><\/figure>\n<\/div>\n\n\n<h4 class=\"wp-block-heading has-text-align-center\" style=\"font-size:25px\">Wir wurden von folgenden Verb\u00e4nden und Gesellschaften gepr\u00fcft und anerkannt:<\/h4>\n\n\n\n<div style=\"height:30px\" aria-hidden=\"true\" class=\"wp-block-spacer\"><\/div>\n\n\n\n<div class=\"wp-block-columns are-vertically-aligned-center is-layout-flex wp-container-core-columns-is-layout-9d6595d7 wp-block-columns-is-layout-flex\">\n<div class=\"wp-block-column is-vertically-aligned-center is-layout-flow wp-block-column-is-layout-flow\"><div class=\"wp-block-image\">\n<figure class=\"aligncenter size-full is-resized\"><img loading=\"lazy\" decoding=\"async\" width=\"506\" height=\"386\" src=\"https:\/\/elektrogutachten.com\/wp-content\/uploads\/2023\/10\/fe4905_3f21739d58b146c29add6d0fa4b48ac0mv2.gif\" alt=\"\" class=\"wp-image-121\" style=\"object-fit:cover;width:131px;height:100px\"\/><\/figure>\n<\/div>\n\n\n<div style=\"height:10px\" aria-hidden=\"true\" class=\"wp-block-spacer\"><\/div>\n\n\n\n<p class=\"has-text-align-center has-small-font-size\">Bundesverband Deutscher Sachverst\u00e4ndiger und Fachgutachter e.V.&nbsp;<\/p>\n<\/div>\n\n\n\n<div class=\"wp-block-column is-vertically-aligned-center is-layout-flow wp-block-column-is-layout-flow\"><div class=\"wp-block-image\">\n<figure class=\"aligncenter size-full\"><img loading=\"lazy\" decoding=\"async\" width=\"145\" height=\"98\" src=\"https:\/\/elektrogutachten.com\/wp-content\/uploads\/2023\/10\/fe4905_bdb1ec6bd8d249a99dc7c3c99c9cce73mv2.gif\" alt=\"\" class=\"wp-image-123\"\/><\/figure>\n<\/div>\n\n\n<div style=\"height:10px\" aria-hidden=\"true\" class=\"wp-block-spacer\"><\/div>\n\n\n\n<p class=\"has-text-align-center has-small-font-size\">&nbsp;&nbsp; Berufsfachverband f\u00fcr das Sachverst\u00e4ndigen- und Gutachterwesen e.V. &nbsp;<\/p>\n<\/div>\n\n\n\n<div class=\"wp-block-column is-vertically-aligned-center is-layout-flow wp-block-column-is-layout-flow\"><div class=\"wp-block-image\">\n<figure class=\"aligncenter size-full\"><img loading=\"lazy\" decoding=\"async\" width=\"250\" height=\"100\" src=\"https:\/\/elektrogutachten.com\/wp-content\/uploads\/2023\/10\/fe4905_b2b6177c576d4d6db78e2b64486d8190mv2.gif\" alt=\"\" class=\"wp-image-122\"\/><\/figure>\n<\/div>\n\n\n<div style=\"height:10px\" aria-hidden=\"true\" class=\"wp-block-spacer\"><\/div>\n\n\n\n<p class=\"has-text-align-center has-small-font-size\">Deutsche Sachverst\u00e4ndigen Gesellschaft<\/p>\n<\/div>\n<\/div>\n","protected":false},"excerpt":{"rendered":"<p>Durch j\u00e4hrlich durchgef\u00fchrte Reviews mit unseren gr\u00f6\u00dferen Kunden (Versicherern) wird uns immer wieder eine zeitnahe, fach- und sach-lich korrekte sowie qualitativ hochwertige Arbeit best\u00e4tigt. Versicherungssachbearbeiter werden durch unser Konzept deutlich entlastet, Gesch\u00e4digte profitieren von der z\u00fcgigen und korrekten Abwicklung und garantieren den Unternehmen im Regulierungsfall ein positives Image. Die Schadenger\u00e4te werden f\u00fcr Sie auf Zustand, [&hellip;]<\/p>\n","protected":false},"author":1,"featured_media":0,"parent":0,"menu_order":0,"comment_status":"closed","ping_status":"closed","template":"tpl-home.php","meta":{"_acf_changed":false,"footnotes":""},"class_list":["post-6","page","type-page","status-publish","hentry"],"acf":[],"yoast_head":"<!-- This site is optimized with the Yoast SEO plugin v23.5 - https:\/\/yoast.com\/wordpress\/plugins\/seo\/ -->\n<title>Home - Elektrogutachten<\/title>\n<meta name=\"robots\" content=\"index, follow, max-snippet:-1, max-image-preview:large, max-video-preview:-1\" \/>\n<link rel=\"canonical\" href=\"https:\/\/elektrogutachten.com\/\" \/>\n<meta property=\"og:locale\" content=\"de_DE\" \/>\n<meta property=\"og:type\" content=\"article\" \/>\n<meta property=\"og:title\" content=\"Home - Elektrogutachten\" \/>\n<meta property=\"og:description\" content=\"Durch j\u00e4hrlich durchgef\u00fchrte Reviews mit unseren gr\u00f6\u00dferen Kunden (Versicherern) wird uns immer wieder eine zeitnahe, fach- und sach-lich korrekte sowie qualitativ hochwertige Arbeit best\u00e4tigt. Versicherungssachbearbeiter werden durch unser Konzept deutlich entlastet, Gesch\u00e4digte profitieren von der z\u00fcgigen und korrekten Abwicklung und garantieren den Unternehmen im Regulierungsfall ein positives Image. Die Schadenger\u00e4te werden f\u00fcr Sie auf Zustand, [&hellip;]\" \/>\n<meta property=\"og:url\" content=\"https:\/\/elektrogutachten.com\/\" \/>\n<meta property=\"og:site_name\" content=\"Elektrogutachten\" \/>\n<meta property=\"article:modified_time\" content=\"2023-12-18T14:11:51+00:00\" \/>\n<meta property=\"og:image\" content=\"https:\/\/elektrogutachten.com\/wp-content\/uploads\/2023\/10\/shadoww-1024x87.png\" \/>\n<meta name=\"twitter:card\" content=\"summary_large_image\" \/>\n<meta name=\"twitter:label1\" content=\"Gesch\u00e4tzte Lesezeit\" \/>\n\t<meta name=\"twitter:data1\" content=\"2\u00a0Minuten\" \/>\n<script type=\"application\/ld+json\" class=\"yoast-schema-graph\">{\"@context\":\"https:\/\/schema.org\",\"@graph\":[{\"@type\":\"WebPage\",\"@id\":\"https:\/\/elektrogutachten.com\/\",\"url\":\"https:\/\/elektrogutachten.com\/\",\"name\":\"Home - Elektrogutachten\",\"isPartOf\":{\"@id\":\"https:\/\/elektrogutachten.com\/#website\"},\"primaryImageOfPage\":{\"@id\":\"https:\/\/elektrogutachten.com\/#primaryimage\"},\"image\":{\"@id\":\"https:\/\/elektrogutachten.com\/#primaryimage\"},\"thumbnailUrl\":\"https:\/\/elektrogutachten.com\/wp-content\/uploads\/2023\/10\/shadoww-1024x87.png\",\"datePublished\":\"2023-09-15T16:02:01+00:00\",\"dateModified\":\"2023-12-18T14:11:51+00:00\",\"breadcrumb\":{\"@id\":\"https:\/\/elektrogutachten.com\/#breadcrumb\"},\"inLanguage\":\"de\",\"potentialAction\":[{\"@type\":\"ReadAction\",\"target\":[\"https:\/\/elektrogutachten.com\/\"]}]},{\"@type\":\"ImageObject\",\"inLanguage\":\"de\",\"@id\":\"https:\/\/elektrogutachten.com\/#primaryimage\",\"url\":\"https:\/\/elektrogutachten.com\/wp-content\/uploads\/2023\/10\/shadoww.png\",\"contentUrl\":\"https:\/\/elektrogutachten.com\/wp-content\/uploads\/2023\/10\/shadoww.png\",\"width\":1180,\"height\":100},{\"@type\":\"BreadcrumbList\",\"@id\":\"https:\/\/elektrogutachten.com\/#breadcrumb\",\"itemListElement\":[{\"@type\":\"ListItem\",\"position\":1,\"name\":\"Startseite\",\"item\":\"https:\/\/elektrogutachten.com\/\"},{\"@type\":\"ListItem\",\"position\":2,\"name\":\"Home\"}]},{\"@type\":\"WebSite\",\"@id\":\"https:\/\/elektrogutachten.com\/#website\",\"url\":\"https:\/\/elektrogutachten.com\/\",\"name\":\"Elektrogutachten\",\"description\":\"Sachverst\u00e4ndigenb\u00fcro f\u00fcr Elektrotechnik\",\"publisher\":{\"@id\":\"https:\/\/elektrogutachten.com\/#organization\"},\"potentialAction\":[{\"@type\":\"SearchAction\",\"target\":{\"@type\":\"EntryPoint\",\"urlTemplate\":\"https:\/\/elektrogutachten.com\/?s={search_term_string}\"},\"query-input\":{\"@type\":\"PropertyValueSpecification\",\"valueRequired\":true,\"valueName\":\"search_term_string\"}}],\"inLanguage\":\"de\"},{\"@type\":\"Organization\",\"@id\":\"https:\/\/elektrogutachten.com\/#organization\",\"name\":\"Elektrogutachten\",\"url\":\"https:\/\/elektrogutachten.com\/\",\"logo\":{\"@type\":\"ImageObject\",\"inLanguage\":\"de\",\"@id\":\"https:\/\/elektrogutachten.com\/#\/schema\/logo\/image\/\",\"url\":\"https:\/\/elektrogutachten.com\/wp-content\/uploads\/2023\/09\/cropped-favicon.png\",\"contentUrl\":\"https:\/\/elektrogutachten.com\/wp-content\/uploads\/2023\/09\/cropped-favicon.png\",\"width\":512,\"height\":512,\"caption\":\"Elektrogutachten\"},\"image\":{\"@id\":\"https:\/\/elektrogutachten.com\/#\/schema\/logo\/image\/\"}}]}<\/script>\n<!-- \/ Yoast SEO plugin. -->","yoast_head_json":{"title":"Home - Elektrogutachten","robots":{"index":"index","follow":"follow","max-snippet":"max-snippet:-1","max-image-preview":"max-image-preview:large","max-video-preview":"max-video-preview:-1"},"canonical":"https:\/\/elektrogutachten.com\/","og_locale":"de_DE","og_type":"article","og_title":"Home - Elektrogutachten","og_description":"Durch j\u00e4hrlich durchgef\u00fchrte Reviews mit unseren gr\u00f6\u00dferen Kunden (Versicherern) wird uns immer wieder eine zeitnahe, fach- und sach-lich korrekte sowie qualitativ hochwertige Arbeit best\u00e4tigt. Versicherungssachbearbeiter werden durch unser Konzept deutlich entlastet, Gesch\u00e4digte profitieren von der z\u00fcgigen und korrekten Abwicklung und garantieren den Unternehmen im Regulierungsfall ein positives Image. Die Schadenger\u00e4te werden f\u00fcr Sie auf Zustand, [&hellip;]","og_url":"https:\/\/elektrogutachten.com\/","og_site_name":"Elektrogutachten","article_modified_time":"2023-12-18T14:11:51+00:00","og_image":[{"url":"https:\/\/elektrogutachten.com\/wp-content\/uploads\/2023\/10\/shadoww-1024x87.png"}],"twitter_card":"summary_large_image","twitter_misc":{"Gesch\u00e4tzte Lesezeit":"2\u00a0Minuten"},"schema":{"@context":"https:\/\/schema.org","@graph":[{"@type":"WebPage","@id":"https:\/\/elektrogutachten.com\/","url":"https:\/\/elektrogutachten.com\/","name":"Home - Elektrogutachten","isPartOf":{"@id":"https:\/\/elektrogutachten.com\/#website"},"primaryImageOfPage":{"@id":"https:\/\/elektrogutachten.com\/#primaryimage"},"image":{"@id":"https:\/\/elektrogutachten.com\/#primaryimage"},"thumbnailUrl":"https:\/\/elektrogutachten.com\/wp-content\/uploads\/2023\/10\/shadoww-1024x87.png","datePublished":"2023-09-15T16:02:01+00:00","dateModified":"2023-12-18T14:11:51+00:00","breadcrumb":{"@id":"https:\/\/elektrogutachten.com\/#breadcrumb"},"inLanguage":"de","potentialAction":[{"@type":"ReadAction","target":["https:\/\/elektrogutachten.com\/"]}]},{"@type":"ImageObject","inLanguage":"de","@id":"https:\/\/elektrogutachten.com\/#primaryimage","url":"https:\/\/elektrogutachten.com\/wp-content\/uploads\/2023\/10\/shadoww.png","contentUrl":"https:\/\/elektrogutachten.com\/wp-content\/uploads\/2023\/10\/shadoww.png","width":1180,"height":100},{"@type":"BreadcrumbList","@id":"https:\/\/elektrogutachten.com\/#breadcrumb","itemListElement":[{"@type":"ListItem","position":1,"name":"Startseite","item":"https:\/\/elektrogutachten.com\/"},{"@type":"ListItem","position":2,"name":"Home"}]},{"@type":"WebSite","@id":"https:\/\/elektrogutachten.com\/#website","url":"https:\/\/elektrogutachten.com\/","name":"Elektrogutachten","description":"Sachverst\u00e4ndigenb\u00fcro f\u00fcr Elektrotechnik","publisher":{"@id":"https:\/\/elektrogutachten.com\/#organization"},"potentialAction":[{"@type":"SearchAction","target":{"@type":"EntryPoint","urlTemplate":"https:\/\/elektrogutachten.com\/?s={search_term_string}"},"query-input":{"@type":"PropertyValueSpecification","valueRequired":true,"valueName":"search_term_string"}}],"inLanguage":"de"},{"@type":"Organization","@id":"https:\/\/elektrogutachten.com\/#organization","name":"Elektrogutachten","url":"https:\/\/elektrogutachten.com\/","logo":{"@type":"ImageObject","inLanguage":"de","@id":"https:\/\/elektrogutachten.com\/#\/schema\/logo\/image\/","url":"https:\/\/elektrogutachten.com\/wp-content\/uploads\/2023\/09\/cropped-favicon.png","contentUrl":"https:\/\/elektrogutachten.com\/wp-content\/uploads\/2023\/09\/cropped-favicon.png","width":512,"height":512,"caption":"Elektrogutachten"},"image":{"@id":"https:\/\/elektrogutachten.com\/#\/schema\/logo\/image\/"}}]}},"_links":{"self":[{"href":"https:\/\/elektrogutachten.com\/index.php\/wp-json\/wp\/v2\/pages\/6","targetHints":{"allow":["GET"]}}],"collection":[{"href":"https:\/\/elektrogutachten.com\/index.php\/wp-json\/wp\/v2\/pages"}],"about":[{"href":"https:\/\/elektrogutachten.com\/index.php\/wp-json\/wp\/v2\/types\/page"}],"author":[{"embeddable":true,"href":"https:\/\/elektrogutachten.com\/index.php\/wp-json\/wp\/v2\/users\/1"}],"replies":[{"embeddable":true,"href":"https:\/\/elektrogutachten.com\/index.php\/wp-json\/wp\/v2\/comments?post=6"}],"version-history":[{"count":27,"href":"https:\/\/elektrogutachten.com\/index.php\/wp-json\/wp\/v2\/pages\/6\/revisions"}],"predecessor-version":[{"id":140,"href":"https:\/\/elektrogutachten.com\/index.php\/wp-json\/wp\/v2\/pages\/6\/revisions\/140"}],"wp:attachment":[{"href":"https:\/\/elektrogutachten.com\/index.php\/wp-json\/wp\/v2\/media?parent=6"}],"curies":[{"name":"wp","href":"https:\/\/api.w.org\/{rel}","templated":true}]}}