{"id":21,"date":"2023-09-15T18:04:38","date_gmt":"2023-09-15T16:04:38","guid":{"rendered":"https:\/\/elektrogutachten.com\/?page_id=21"},"modified":"2023-10-16T19:31:01","modified_gmt":"2023-10-16T17:31:01","slug":"schadenbilder","status":"publish","type":"page","link":"https:\/\/elektrogutachten.com\/index.php\/schadenbilder\/","title":{"rendered":"Schadenbilder"},"content":{"rendered":"\n<h3 class=\"wp-block-heading has-black-color has-text-color\">Sturzsch\u00e4den<\/h3>\n\n\n\n<p>Sturz\u2013 oder Bruchsch\u00e4den (z.B. Displaybruch, Geh\u00e4usebesch\u00e4digung) z.B. bei einem Handy, einer Digitalkamera oder einem Notebook sind h\u00e4ufig vorkommende Schadenf\u00e4lle. Bei der Beurteilung des Schadenbildes spielen viele Faktoren eine Rolle, beispielsweise Objektgewicht, Fallh\u00f6he, Aufprallgeschwindigkeit, Untergrund, &#8230;<\/p>\n\n\n\n<p>Aufgrund unserer jahrelangen Erfahrungen und unz\u00e4hliger Versuche sind wir in der Lage, jedes Schadenbild zu beurteilen.<\/p>\n\n\n\n<figure class=\"wp-block-gallery has-nested-images columns-default is-cropped wp-block-gallery-1 is-layout-flex wp-block-gallery-is-layout-flex\">\n<figure class=\"wp-block-image size-large\"><a href=\"https:\/\/elektrogutachten.com\/wp-content\/uploads\/2023\/09\/St_Smartphone_JPG-scaled.webp\"><img loading=\"lazy\" decoding=\"async\" width=\"2560\" height=\"1921\" data-id=\"76\" src=\"https:\/\/elektrogutachten.com\/wp-content\/uploads\/2023\/09\/St_Smartphone_JPG-edited-scaled.webp\" alt=\"\" class=\"wp-image-76\" srcset=\"https:\/\/elektrogutachten.com\/wp-content\/uploads\/2023\/09\/St_Smartphone_JPG-edited-scaled.webp 2560w, https:\/\/elektrogutachten.com\/wp-content\/uploads\/2023\/09\/St_Smartphone_JPG-edited-300x225.webp 300w, https:\/\/elektrogutachten.com\/wp-content\/uploads\/2023\/09\/St_Smartphone_JPG-edited-1024x768.webp 1024w, https:\/\/elektrogutachten.com\/wp-content\/uploads\/2023\/09\/St_Smartphone_JPG-edited-768x576.webp 768w, https:\/\/elektrogutachten.com\/wp-content\/uploads\/2023\/09\/St_Smartphone_JPG-edited-1536x1153.webp 1536w, https:\/\/elektrogutachten.com\/wp-content\/uploads\/2023\/09\/St_Smartphone_JPG-edited-2048x1537.webp 2048w, https:\/\/elektrogutachten.com\/wp-content\/uploads\/2023\/09\/St_Smartphone_JPG-edited-400x300.webp 400w\" sizes=\"auto, (max-width: 2560px) 100vw, 2560px\" \/><\/a><\/figure>\n\n\n\n<figure class=\"wp-block-image size-large\"><a href=\"https:\/\/elektrogutachten.com\/wp-content\/uploads\/2023\/09\/St_Notebook_JPG-scaled.webp\"><img loading=\"lazy\" decoding=\"async\" width=\"2320\" height=\"1739\" data-id=\"79\" src=\"https:\/\/elektrogutachten.com\/wp-content\/uploads\/2023\/09\/St_Notebook_JPG-edited.webp\" alt=\"\" class=\"wp-image-79\" srcset=\"https:\/\/elektrogutachten.com\/wp-content\/uploads\/2023\/09\/St_Notebook_JPG-edited.webp 2320w, https:\/\/elektrogutachten.com\/wp-content\/uploads\/2023\/09\/St_Notebook_JPG-edited-300x225.webp 300w, https:\/\/elektrogutachten.com\/wp-content\/uploads\/2023\/09\/St_Notebook_JPG-edited-1024x768.webp 1024w, https:\/\/elektrogutachten.com\/wp-content\/uploads\/2023\/09\/St_Notebook_JPG-edited-768x576.webp 768w, https:\/\/elektrogutachten.com\/wp-content\/uploads\/2023\/09\/St_Notebook_JPG-edited-1536x1151.webp 1536w, https:\/\/elektrogutachten.com\/wp-content\/uploads\/2023\/09\/St_Notebook_JPG-edited-2048x1535.webp 2048w, https:\/\/elektrogutachten.com\/wp-content\/uploads\/2023\/09\/St_Notebook_JPG-edited-400x300.webp 400w\" sizes=\"auto, (max-width: 2320px) 100vw, 2320px\" \/><\/a><\/figure>\n\n\n\n<figure class=\"wp-block-image size-large\"><a href=\"https:\/\/elektrogutachten.com\/wp-content\/uploads\/2023\/09\/St_Kamera_JPG-scaled.webp\"><img loading=\"lazy\" decoding=\"async\" width=\"2560\" height=\"1920\" data-id=\"78\" src=\"https:\/\/elektrogutachten.com\/wp-content\/uploads\/2023\/09\/St_Kamera_JPG-edited-scaled.webp\" alt=\"\" class=\"wp-image-78\" srcset=\"https:\/\/elektrogutachten.com\/wp-content\/uploads\/2023\/09\/St_Kamera_JPG-edited-scaled.webp 2560w, https:\/\/elektrogutachten.com\/wp-content\/uploads\/2023\/09\/St_Kamera_JPG-edited-300x225.webp 300w, https:\/\/elektrogutachten.com\/wp-content\/uploads\/2023\/09\/St_Kamera_JPG-edited-1024x768.webp 1024w, https:\/\/elektrogutachten.com\/wp-content\/uploads\/2023\/09\/St_Kamera_JPG-edited-768x576.webp 768w, https:\/\/elektrogutachten.com\/wp-content\/uploads\/2023\/09\/St_Kamera_JPG-edited-1536x1152.webp 1536w, https:\/\/elektrogutachten.com\/wp-content\/uploads\/2023\/09\/St_Kamera_JPG-edited-2048x1536.webp 2048w, https:\/\/elektrogutachten.com\/wp-content\/uploads\/2023\/09\/St_Kamera_JPG-edited-400x300.webp 400w\" sizes=\"auto, (max-width: 2560px) 100vw, 2560px\" \/><\/a><\/figure>\n<\/figure>\n\n\n\n<div style=\"height:20px\" aria-hidden=\"true\" class=\"wp-block-spacer\"><\/div>\n\n\n\n<hr class=\"wp-block-separator has-text-color has-alpha-channel-opacity has-background is-style-wide\" style=\"background-color:#f0f0f0;color:#f0f0f0\"\/>\n\n\n\n<div style=\"height:20px\" aria-hidden=\"true\" class=\"wp-block-spacer\"><\/div>\n\n\n\n<h3 class=\"wp-block-heading has-black-color has-text-color\">Fl\u00fcssigkeitssch\u00e4den<\/h3>\n\n\n\n<p>Ein Fl\u00fcssigkeitsschaden ist der schlimmste Defekt an einem elektrischen\/ elektronischen Ger\u00e4t, wie z.B. bei einem Handy oder einem Notebook.<\/p>\n\n\n\n<p>Fl\u00fcssigkeitssch\u00e4den sind so gut wie nie reparabel, defekte\/ betroffene Komponenten m\u00fcssen i.d.R. ausgetauscht werden. Oft sind die Platinen betroffen. Diese modernen Boards bestehen aus einer Vielzahl zusammengepresster Schichten (sogenannte Multi-Layer-Boards) zwischen denen metallische Leiterbahnen verlaufen. Kam eine Platine (Mainboard, Haupt-\/ Tastaturplatine etc.) in Kontakt mit Fl\u00fcssigkeit, bildet sich Korrosion, die sich in die Platine einfrisst und die dort befindlichen Leiterbahnen zerst\u00f6rt. Diese Korrosion ist nach heutigem technischen Stand nicht zu beseitigen, es wird jedoch aktiv daran geforscht. Erste Erfolge wurden bereits erzielt, die Dauerhaftigkeit der Beseitigung bleibt jedoch abzuwarten.<\/p>\n\n\n\n<p>\u200bFl\u00fcssigkeitsschaden hei\u00dft \u00fcbrigens nicht, dass das Ger\u00e4t in direkten Kontakt mit Fl\u00fcssigkeit getreten sein muss. Oft reichen auch schon gr\u00f6\u00dfere Unterschiede in Temperatur und Luftfeuchtigkeit, die zu feuchten Ablagerungen f\u00fchren k\u00f6nnen, oft zu beobachten in z.B. Heizungssteuerungen. Hier spricht man dann von Langzeitemission.<\/p>\n\n\n\n<div style=\"height:30px\" aria-hidden=\"true\" class=\"wp-block-spacer\"><\/div>\n\n\n\n<figure class=\"wp-block-gallery has-nested-images columns-default is-cropped wp-block-gallery-2 is-layout-flex wp-block-gallery-is-layout-flex\">\n<figure class=\"wp-block-image size-large\"><a href=\"https:\/\/elektrogutachten.com\/wp-content\/uploads\/2023\/09\/Fl-MB-NB-01_JPG-scaled.webp\"><img loading=\"lazy\" decoding=\"async\" width=\"1024\" height=\"763\" data-id=\"72\" src=\"https:\/\/elektrogutachten.com\/wp-content\/uploads\/2023\/09\/Fl-MB-NB-01_JPG-1024x763.webp\" alt=\"\" class=\"wp-image-72\" srcset=\"https:\/\/elektrogutachten.com\/wp-content\/uploads\/2023\/09\/Fl-MB-NB-01_JPG-1024x763.webp 1024w, https:\/\/elektrogutachten.com\/wp-content\/uploads\/2023\/09\/Fl-MB-NB-01_JPG-300x224.webp 300w, https:\/\/elektrogutachten.com\/wp-content\/uploads\/2023\/09\/Fl-MB-NB-01_JPG-768x573.webp 768w, https:\/\/elektrogutachten.com\/wp-content\/uploads\/2023\/09\/Fl-MB-NB-01_JPG-1536x1145.webp 1536w, https:\/\/elektrogutachten.com\/wp-content\/uploads\/2023\/09\/Fl-MB-NB-01_JPG-2048x1527.webp 2048w, https:\/\/elektrogutachten.com\/wp-content\/uploads\/2023\/09\/Fl-MB-NB-01_JPG-400x298.webp 400w\" sizes=\"auto, (max-width: 1024px) 100vw, 1024px\" \/><\/a><\/figure>\n\n\n\n<figure class=\"wp-block-image size-large\"><a href=\"https:\/\/elektrogutachten.com\/wp-content\/uploads\/2023\/09\/Fl_Smartphone_JPG-scaled.webp\"><img loading=\"lazy\" decoding=\"async\" width=\"1024\" height=\"761\" data-id=\"71\" src=\"https:\/\/elektrogutachten.com\/wp-content\/uploads\/2023\/09\/Fl_Smartphone_JPG-1024x761.webp\" alt=\"\" class=\"wp-image-71\" srcset=\"https:\/\/elektrogutachten.com\/wp-content\/uploads\/2023\/09\/Fl_Smartphone_JPG-1024x761.webp 1024w, https:\/\/elektrogutachten.com\/wp-content\/uploads\/2023\/09\/Fl_Smartphone_JPG-300x223.webp 300w, https:\/\/elektrogutachten.com\/wp-content\/uploads\/2023\/09\/Fl_Smartphone_JPG-768x571.webp 768w, https:\/\/elektrogutachten.com\/wp-content\/uploads\/2023\/09\/Fl_Smartphone_JPG-1536x1141.webp 1536w, https:\/\/elektrogutachten.com\/wp-content\/uploads\/2023\/09\/Fl_Smartphone_JPG-2048x1521.webp 2048w, https:\/\/elektrogutachten.com\/wp-content\/uploads\/2023\/09\/Fl_Smartphone_JPG-400x297.webp 400w\" sizes=\"auto, (max-width: 1024px) 100vw, 1024px\" \/><\/a><\/figure>\n\n\n\n<figure class=\"wp-block-image size-large\"><a href=\"https:\/\/elektrogutachten.com\/wp-content\/uploads\/2023\/09\/Fl_Mainboard-NB_JPG-scaled.webp\"><img loading=\"lazy\" decoding=\"async\" width=\"1024\" height=\"763\" data-id=\"70\" src=\"https:\/\/elektrogutachten.com\/wp-content\/uploads\/2023\/09\/Fl_Mainboard-NB_JPG-1024x763.webp\" alt=\"\" class=\"wp-image-70\" srcset=\"https:\/\/elektrogutachten.com\/wp-content\/uploads\/2023\/09\/Fl_Mainboard-NB_JPG-1024x763.webp 1024w, https:\/\/elektrogutachten.com\/wp-content\/uploads\/2023\/09\/Fl_Mainboard-NB_JPG-300x223.webp 300w, https:\/\/elektrogutachten.com\/wp-content\/uploads\/2023\/09\/Fl_Mainboard-NB_JPG-768x572.webp 768w, https:\/\/elektrogutachten.com\/wp-content\/uploads\/2023\/09\/Fl_Mainboard-NB_JPG-1536x1144.webp 1536w, https:\/\/elektrogutachten.com\/wp-content\/uploads\/2023\/09\/Fl_Mainboard-NB_JPG-2048x1525.webp 2048w, https:\/\/elektrogutachten.com\/wp-content\/uploads\/2023\/09\/Fl_Mainboard-NB_JPG-400x298.webp 400w\" sizes=\"auto, (max-width: 1024px) 100vw, 1024px\" \/><\/a><\/figure>\n<\/figure>\n\n\n\n<div style=\"height:20px\" aria-hidden=\"true\" class=\"wp-block-spacer\"><\/div>\n\n\n\n<hr class=\"wp-block-separator has-text-color has-alpha-channel-opacity has-background is-style-wide\" style=\"background-color:#f0f0f0;color:#f0f0f0\"\/>\n\n\n\n<div style=\"height:20px\" aria-hidden=\"true\" class=\"wp-block-spacer\"><\/div>\n\n\n\n<h3 class=\"wp-block-heading\">\u00dcberspannungssch\u00e4den<\/h3>\n\n\n\n<p>\u00dcberspannungssch\u00e4den findet man h\u00e4ufig in Heizungssteuerungen, Telefonanlagen sowie in Computern und Notebooks. Die Ursachen sind meist Spannungsspitzen, die \u00fcber die Stromversorgung oder auch das Telefon- oder Netzwerkkabel weitergegeben werden. Dabei mu\u00df es sich nicht einmal um einen Blitzeinschlag direkt in das Geb\u00e4ude handeln, es gen\u00fcgen h\u00e4ufig auch schon Einschl\u00e4ge in der unmittelbaren Umgebung oder in zentralen Versorgungseinrichtungen. \u00dcberspannungssch\u00e4den zeigen manchmal ein sehr unspezifisches Erscheinungsbild und sind nicht eindeutig nachweisbar, da hier auch alters-\/ nutzungsbedingter Verschlei\u00df zu solchen Schadenbildern (z.B. geplatzte\/ aufgew\u00f6lbte Kondensatoren, verschmorte Widerst\u00e4nde) f\u00fchren kann. Erfahrungsbasiert sind besonders \u00e4ltere Ger\u00e4te gef\u00e4hrdet, deren elektronische Bauteile bereits mehrere Jahre Lebens-\/ Laufzeit hinter sich haben.<\/p>\n\n\n\n<div style=\"height:30px\" aria-hidden=\"true\" class=\"wp-block-spacer\"><\/div>\n\n\n\n<figure class=\"wp-block-gallery has-nested-images columns-default is-cropped wp-block-gallery-3 is-layout-flex wp-block-gallery-is-layout-flex\">\n<figure class=\"wp-block-image size-large\"><a href=\"https:\/\/elektrogutachten.com\/wp-content\/uploads\/2023\/09\/UeberSp_Telefonanlage_JPG-scaled.webp\"><img loading=\"lazy\" decoding=\"async\" width=\"1024\" height=\"765\" data-id=\"69\" src=\"https:\/\/elektrogutachten.com\/wp-content\/uploads\/2023\/09\/UeberSp_Telefonanlage_JPG-1024x765.webp\" alt=\"\" class=\"wp-image-69\" srcset=\"https:\/\/elektrogutachten.com\/wp-content\/uploads\/2023\/09\/UeberSp_Telefonanlage_JPG-1024x765.webp 1024w, https:\/\/elektrogutachten.com\/wp-content\/uploads\/2023\/09\/UeberSp_Telefonanlage_JPG-300x224.webp 300w, https:\/\/elektrogutachten.com\/wp-content\/uploads\/2023\/09\/UeberSp_Telefonanlage_JPG-768x574.webp 768w, https:\/\/elektrogutachten.com\/wp-content\/uploads\/2023\/09\/UeberSp_Telefonanlage_JPG-1536x1148.webp 1536w, https:\/\/elektrogutachten.com\/wp-content\/uploads\/2023\/09\/UeberSp_Telefonanlage_JPG-2048x1531.webp 2048w, https:\/\/elektrogutachten.com\/wp-content\/uploads\/2023\/09\/UeberSp_Telefonanlage_JPG-400x299.webp 400w\" sizes=\"auto, (max-width: 1024px) 100vw, 1024px\" \/><\/a><\/figure>\n\n\n\n<figure class=\"wp-block-image size-large\"><a href=\"https:\/\/elektrogutachten.com\/wp-content\/uploads\/2023\/09\/UeberSp_Router_JPG-scaled.webp\"><img loading=\"lazy\" decoding=\"async\" width=\"1024\" height=\"760\" data-id=\"68\" src=\"https:\/\/elektrogutachten.com\/wp-content\/uploads\/2023\/09\/UeberSp_Router_JPG-1024x760.webp\" alt=\"\" class=\"wp-image-68\" srcset=\"https:\/\/elektrogutachten.com\/wp-content\/uploads\/2023\/09\/UeberSp_Router_JPG-1024x760.webp 1024w, https:\/\/elektrogutachten.com\/wp-content\/uploads\/2023\/09\/UeberSp_Router_JPG-300x223.webp 300w, https:\/\/elektrogutachten.com\/wp-content\/uploads\/2023\/09\/UeberSp_Router_JPG-768x570.webp 768w, https:\/\/elektrogutachten.com\/wp-content\/uploads\/2023\/09\/UeberSp_Router_JPG-1536x1140.webp 1536w, https:\/\/elektrogutachten.com\/wp-content\/uploads\/2023\/09\/UeberSp_Router_JPG-2048x1520.webp 2048w, https:\/\/elektrogutachten.com\/wp-content\/uploads\/2023\/09\/UeberSp_Router_JPG-400x297.webp 400w\" sizes=\"auto, (max-width: 1024px) 100vw, 1024px\" \/><\/a><\/figure>\n\n\n\n<figure class=\"wp-block-image size-large\"><a href=\"https:\/\/elektrogutachten.com\/wp-content\/uploads\/2023\/09\/HD_transparent_picture-1.png\"><img loading=\"lazy\" decoding=\"async\" width=\"1024\" height=\"576\" data-id=\"67\" src=\"https:\/\/elektrogutachten.com\/wp-content\/uploads\/2023\/09\/HD_transparent_picture-1-1024x576.png\" alt=\"\" class=\"wp-image-67\" srcset=\"https:\/\/elektrogutachten.com\/wp-content\/uploads\/2023\/09\/HD_transparent_picture-1-1024x576.png 1024w, https:\/\/elektrogutachten.com\/wp-content\/uploads\/2023\/09\/HD_transparent_picture-1-300x169.png 300w, https:\/\/elektrogutachten.com\/wp-content\/uploads\/2023\/09\/HD_transparent_picture-1-768x432.png 768w, https:\/\/elektrogutachten.com\/wp-content\/uploads\/2023\/09\/HD_transparent_picture-1-1536x864.png 1536w, https:\/\/elektrogutachten.com\/wp-content\/uploads\/2023\/09\/HD_transparent_picture-1-400x225.png 400w, https:\/\/elektrogutachten.com\/wp-content\/uploads\/2023\/09\/HD_transparent_picture-1.png 1920w\" sizes=\"auto, (max-width: 1024px) 100vw, 1024px\" \/><\/a><\/figure>\n<\/figure>\n","protected":false},"excerpt":{"rendered":"<p>Sturzsch\u00e4den Sturz\u2013 oder Bruchsch\u00e4den (z.B. Displaybruch, Geh\u00e4usebesch\u00e4digung) z.B. bei einem Handy, einer Digitalkamera oder einem Notebook sind h\u00e4ufig vorkommende Schadenf\u00e4lle. Bei der Beurteilung des Schadenbildes spielen viele Faktoren eine Rolle, beispielsweise Objektgewicht, Fallh\u00f6he, Aufprallgeschwindigkeit, Untergrund, &#8230; Aufgrund unserer jahrelangen Erfahrungen und unz\u00e4hliger Versuche sind wir in der Lage, jedes Schadenbild zu beurteilen. Fl\u00fcssigkeitssch\u00e4den Ein Fl\u00fcssigkeitsschaden [&hellip;]<\/p>\n","protected":false},"author":1,"featured_media":0,"parent":0,"menu_order":0,"comment_status":"closed","ping_status":"closed","template":"","meta":{"_acf_changed":false,"footnotes":""},"class_list":["post-21","page","type-page","status-publish","hentry"],"acf":[],"yoast_head":"<!-- This site is optimized with the Yoast SEO plugin v23.5 - https:\/\/yoast.com\/wordpress\/plugins\/seo\/ -->\n<title>Schadenbilder - Elektrogutachten<\/title>\n<meta name=\"robots\" content=\"index, follow, max-snippet:-1, max-image-preview:large, max-video-preview:-1\" \/>\n<link rel=\"canonical\" href=\"https:\/\/elektrogutachten.com\/index.php\/schadenbilder\/\" \/>\n<meta property=\"og:locale\" content=\"de_DE\" \/>\n<meta property=\"og:type\" content=\"article\" \/>\n<meta property=\"og:title\" content=\"Schadenbilder - Elektrogutachten\" \/>\n<meta property=\"og:description\" content=\"Sturzsch\u00e4den Sturz\u2013 oder Bruchsch\u00e4den (z.B. Displaybruch, Geh\u00e4usebesch\u00e4digung) z.B. bei einem Handy, einer Digitalkamera oder einem Notebook sind h\u00e4ufig vorkommende Schadenf\u00e4lle. Bei der Beurteilung des Schadenbildes spielen viele Faktoren eine Rolle, beispielsweise Objektgewicht, Fallh\u00f6he, Aufprallgeschwindigkeit, Untergrund, &#8230; Aufgrund unserer jahrelangen Erfahrungen und unz\u00e4hliger Versuche sind wir in der Lage, jedes Schadenbild zu beurteilen. Fl\u00fcssigkeitssch\u00e4den Ein Fl\u00fcssigkeitsschaden [&hellip;]\" \/>\n<meta property=\"og:url\" content=\"https:\/\/elektrogutachten.com\/index.php\/schadenbilder\/\" \/>\n<meta property=\"og:site_name\" content=\"Elektrogutachten\" \/>\n<meta property=\"article:modified_time\" content=\"2023-10-16T17:31:01+00:00\" \/>\n<meta property=\"og:image\" content=\"https:\/\/elektrogutachten.com\/wp-content\/uploads\/2023\/09\/St_Smartphone_JPG-edited-scaled.webp\" \/>\n<meta name=\"twitter:card\" content=\"summary_large_image\" \/>\n<meta name=\"twitter:label1\" content=\"Gesch\u00e4tzte Lesezeit\" \/>\n\t<meta name=\"twitter:data1\" content=\"2\u00a0Minuten\" \/>\n<script type=\"application\/ld+json\" class=\"yoast-schema-graph\">{\"@context\":\"https:\/\/schema.org\",\"@graph\":[{\"@type\":\"WebPage\",\"@id\":\"https:\/\/elektrogutachten.com\/index.php\/schadenbilder\/\",\"url\":\"https:\/\/elektrogutachten.com\/index.php\/schadenbilder\/\",\"name\":\"Schadenbilder - Elektrogutachten\",\"isPartOf\":{\"@id\":\"https:\/\/elektrogutachten.com\/#website\"},\"primaryImageOfPage\":{\"@id\":\"https:\/\/elektrogutachten.com\/index.php\/schadenbilder\/#primaryimage\"},\"image\":{\"@id\":\"https:\/\/elektrogutachten.com\/index.php\/schadenbilder\/#primaryimage\"},\"thumbnailUrl\":\"https:\/\/elektrogutachten.com\/wp-content\/uploads\/2023\/09\/St_Smartphone_JPG-edited-scaled.webp\",\"datePublished\":\"2023-09-15T16:04:38+00:00\",\"dateModified\":\"2023-10-16T17:31:01+00:00\",\"breadcrumb\":{\"@id\":\"https:\/\/elektrogutachten.com\/index.php\/schadenbilder\/#breadcrumb\"},\"inLanguage\":\"de\",\"potentialAction\":[{\"@type\":\"ReadAction\",\"target\":[\"https:\/\/elektrogutachten.com\/index.php\/schadenbilder\/\"]}]},{\"@type\":\"ImageObject\",\"inLanguage\":\"de\",\"@id\":\"https:\/\/elektrogutachten.com\/index.php\/schadenbilder\/#primaryimage\",\"url\":\"https:\/\/elektrogutachten.com\/wp-content\/uploads\/2023\/09\/St_Smartphone_JPG-edited-scaled.webp\",\"contentUrl\":\"https:\/\/elektrogutachten.com\/wp-content\/uploads\/2023\/09\/St_Smartphone_JPG-edited-scaled.webp\",\"width\":2560,\"height\":1921},{\"@type\":\"BreadcrumbList\",\"@id\":\"https:\/\/elektrogutachten.com\/index.php\/schadenbilder\/#breadcrumb\",\"itemListElement\":[{\"@type\":\"ListItem\",\"position\":1,\"name\":\"Startseite\",\"item\":\"https:\/\/elektrogutachten.com\/\"},{\"@type\":\"ListItem\",\"position\":2,\"name\":\"Schadenbilder\"}]},{\"@type\":\"WebSite\",\"@id\":\"https:\/\/elektrogutachten.com\/#website\",\"url\":\"https:\/\/elektrogutachten.com\/\",\"name\":\"Elektrogutachten\",\"description\":\"Sachverst\u00e4ndigenb\u00fcro f\u00fcr Elektrotechnik\",\"publisher\":{\"@id\":\"https:\/\/elektrogutachten.com\/#organization\"},\"potentialAction\":[{\"@type\":\"SearchAction\",\"target\":{\"@type\":\"EntryPoint\",\"urlTemplate\":\"https:\/\/elektrogutachten.com\/?s={search_term_string}\"},\"query-input\":{\"@type\":\"PropertyValueSpecification\",\"valueRequired\":true,\"valueName\":\"search_term_string\"}}],\"inLanguage\":\"de\"},{\"@type\":\"Organization\",\"@id\":\"https:\/\/elektrogutachten.com\/#organization\",\"name\":\"Elektrogutachten\",\"url\":\"https:\/\/elektrogutachten.com\/\",\"logo\":{\"@type\":\"ImageObject\",\"inLanguage\":\"de\",\"@id\":\"https:\/\/elektrogutachten.com\/#\/schema\/logo\/image\/\",\"url\":\"https:\/\/elektrogutachten.com\/wp-content\/uploads\/2023\/09\/cropped-favicon.png\",\"contentUrl\":\"https:\/\/elektrogutachten.com\/wp-content\/uploads\/2023\/09\/cropped-favicon.png\",\"width\":512,\"height\":512,\"caption\":\"Elektrogutachten\"},\"image\":{\"@id\":\"https:\/\/elektrogutachten.com\/#\/schema\/logo\/image\/\"}}]}<\/script>\n<!-- \/ Yoast SEO plugin. -->","yoast_head_json":{"title":"Schadenbilder - Elektrogutachten","robots":{"index":"index","follow":"follow","max-snippet":"max-snippet:-1","max-image-preview":"max-image-preview:large","max-video-preview":"max-video-preview:-1"},"canonical":"https:\/\/elektrogutachten.com\/index.php\/schadenbilder\/","og_locale":"de_DE","og_type":"article","og_title":"Schadenbilder - Elektrogutachten","og_description":"Sturzsch\u00e4den Sturz\u2013 oder Bruchsch\u00e4den (z.B. Displaybruch, Geh\u00e4usebesch\u00e4digung) z.B. bei einem Handy, einer Digitalkamera oder einem Notebook sind h\u00e4ufig vorkommende Schadenf\u00e4lle. Bei der Beurteilung des Schadenbildes spielen viele Faktoren eine Rolle, beispielsweise Objektgewicht, Fallh\u00f6he, Aufprallgeschwindigkeit, Untergrund, &#8230; Aufgrund unserer jahrelangen Erfahrungen und unz\u00e4hliger Versuche sind wir in der Lage, jedes Schadenbild zu beurteilen. Fl\u00fcssigkeitssch\u00e4den Ein Fl\u00fcssigkeitsschaden [&hellip;]","og_url":"https:\/\/elektrogutachten.com\/index.php\/schadenbilder\/","og_site_name":"Elektrogutachten","article_modified_time":"2023-10-16T17:31:01+00:00","og_image":[{"url":"https:\/\/elektrogutachten.com\/wp-content\/uploads\/2023\/09\/St_Smartphone_JPG-edited-scaled.webp"}],"twitter_card":"summary_large_image","twitter_misc":{"Gesch\u00e4tzte Lesezeit":"2\u00a0Minuten"},"schema":{"@context":"https:\/\/schema.org","@graph":[{"@type":"WebPage","@id":"https:\/\/elektrogutachten.com\/index.php\/schadenbilder\/","url":"https:\/\/elektrogutachten.com\/index.php\/schadenbilder\/","name":"Schadenbilder - Elektrogutachten","isPartOf":{"@id":"https:\/\/elektrogutachten.com\/#website"},"primaryImageOfPage":{"@id":"https:\/\/elektrogutachten.com\/index.php\/schadenbilder\/#primaryimage"},"image":{"@id":"https:\/\/elektrogutachten.com\/index.php\/schadenbilder\/#primaryimage"},"thumbnailUrl":"https:\/\/elektrogutachten.com\/wp-content\/uploads\/2023\/09\/St_Smartphone_JPG-edited-scaled.webp","datePublished":"2023-09-15T16:04:38+00:00","dateModified":"2023-10-16T17:31:01+00:00","breadcrumb":{"@id":"https:\/\/elektrogutachten.com\/index.php\/schadenbilder\/#breadcrumb"},"inLanguage":"de","potentialAction":[{"@type":"ReadAction","target":["https:\/\/elektrogutachten.com\/index.php\/schadenbilder\/"]}]},{"@type":"ImageObject","inLanguage":"de","@id":"https:\/\/elektrogutachten.com\/index.php\/schadenbilder\/#primaryimage","url":"https:\/\/elektrogutachten.com\/wp-content\/uploads\/2023\/09\/St_Smartphone_JPG-edited-scaled.webp","contentUrl":"https:\/\/elektrogutachten.com\/wp-content\/uploads\/2023\/09\/St_Smartphone_JPG-edited-scaled.webp","width":2560,"height":1921},{"@type":"BreadcrumbList","@id":"https:\/\/elektrogutachten.com\/index.php\/schadenbilder\/#breadcrumb","itemListElement":[{"@type":"ListItem","position":1,"name":"Startseite","item":"https:\/\/elektrogutachten.com\/"},{"@type":"ListItem","position":2,"name":"Schadenbilder"}]},{"@type":"WebSite","@id":"https:\/\/elektrogutachten.com\/#website","url":"https:\/\/elektrogutachten.com\/","name":"Elektrogutachten","description":"Sachverst\u00e4ndigenb\u00fcro f\u00fcr Elektrotechnik","publisher":{"@id":"https:\/\/elektrogutachten.com\/#organization"},"potentialAction":[{"@type":"SearchAction","target":{"@type":"EntryPoint","urlTemplate":"https:\/\/elektrogutachten.com\/?s={search_term_string}"},"query-input":{"@type":"PropertyValueSpecification","valueRequired":true,"valueName":"search_term_string"}}],"inLanguage":"de"},{"@type":"Organization","@id":"https:\/\/elektrogutachten.com\/#organization","name":"Elektrogutachten","url":"https:\/\/elektrogutachten.com\/","logo":{"@type":"ImageObject","inLanguage":"de","@id":"https:\/\/elektrogutachten.com\/#\/schema\/logo\/image\/","url":"https:\/\/elektrogutachten.com\/wp-content\/uploads\/2023\/09\/cropped-favicon.png","contentUrl":"https:\/\/elektrogutachten.com\/wp-content\/uploads\/2023\/09\/cropped-favicon.png","width":512,"height":512,"caption":"Elektrogutachten"},"image":{"@id":"https:\/\/elektrogutachten.com\/#\/schema\/logo\/image\/"}}]}},"_links":{"self":[{"href":"https:\/\/elektrogutachten.com\/index.php\/wp-json\/wp\/v2\/pages\/21","targetHints":{"allow":["GET"]}}],"collection":[{"href":"https:\/\/elektrogutachten.com\/index.php\/wp-json\/wp\/v2\/pages"}],"about":[{"href":"https:\/\/elektrogutachten.com\/index.php\/wp-json\/wp\/v2\/types\/page"}],"author":[{"embeddable":true,"href":"https:\/\/elektrogutachten.com\/index.php\/wp-json\/wp\/v2\/users\/1"}],"replies":[{"embeddable":true,"href":"https:\/\/elektrogutachten.com\/index.php\/wp-json\/wp\/v2\/comments?post=21"}],"version-history":[{"count":9,"href":"https:\/\/elektrogutachten.com\/index.php\/wp-json\/wp\/v2\/pages\/21\/revisions"}],"predecessor-version":[{"id":100,"href":"https:\/\/elektrogutachten.com\/index.php\/wp-json\/wp\/v2\/pages\/21\/revisions\/100"}],"wp:attachment":[{"href":"https:\/\/elektrogutachten.com\/index.php\/wp-json\/wp\/v2\/media?parent=21"}],"curies":[{"name":"wp","href":"https:\/\/api.w.org\/{rel}","templated":true}]}}